{"id":469,"date":"2026-02-16T12:25:21","date_gmt":"2026-02-16T11:25:21","guid":{"rendered":"https:\/\/billans.ba\/?page_id=469"},"modified":"2026-02-16T12:29:35","modified_gmt":"2026-02-16T11:29:35","slug":"politika-kolacica","status":"publish","type":"page","link":"https:\/\/billans.ba\/index.php\/politika-kolacica\/","title":{"rendered":"Politika kola\u010di\u0107a"},"content":{"rendered":"<div class=\"flex flex-col text-sm pb-25\">\n<article class=\"text-token-text-primary w-full focus:outline-none [--shadow-height:45px] has-data-writing-block:pointer-events-none has-data-writing-block:-mt-(--shadow-height) has-data-writing-block:pt-(--shadow-height) [&amp;:has([data-writing-block])&gt;*]:pointer-events-auto scroll-mt-[calc(var(--header-height)+min(200px,max(70px,20svh)))]\" dir=\"auto\" tabindex=\"-1\" data-turn-id=\"request-68ef485f-fe88-832c-8564-66804a80f91b-0\" data-testid=\"conversation-turn-48\" data-scroll-anchor=\"true\" data-turn=\"assistant\">\n<div class=\"text-base my-auto mx-auto pb-10 [--thread-content-margin:--spacing(4)] @w-sm\/main:[--thread-content-margin:--spacing(6)] @w-lg\/main:[--thread-content-margin:--spacing(16)] px-(--thread-content-margin)\">\n<div class=\"[--thread-content-max-width:40rem] @w-lg\/main:[--thread-content-max-width:48rem] mx-auto max-w-(--thread-content-max-width) flex-1 group\/turn-messages focus-visible:outline-hidden relative flex w-full min-w-0 flex-col agent-turn\" tabindex=\"-1\">\n<div class=\"flex max-w-full flex-col grow\">\n<div class=\"min-h-8 text-message relative flex w-full flex-col items-end gap-2 text-start break-words whitespace-normal [.text-message+&amp;]:mt-1\" dir=\"auto\" data-message-author-role=\"assistant\" data-message-id=\"52487f5d-0c94-4d38-adfb-8f63ba26b75c\" data-message-model-slug=\"gpt-5-2\">\n<div class=\"flex w-full flex-col gap-1 empty:hidden first:pt-[1px]\">\n<div class=\"markdown prose dark:prose-invert w-full wrap-break-word light markdown-new-styling\">\n<p data-start=\"3696\" data-end=\"3753\">Web stranica: <a class=\"decorated-link\" href=\"http:\/\/www.billans.ba\" target=\"_new\" rel=\"noopener\" data-start=\"3710\" data-end=\"3724\">www.billans.ba<\/a><br data-start=\"3724\" data-end=\"3727\" \/>Kontakt: <a class=\"decorated-link cursor-pointer\" rel=\"noopener\" data-start=\"3736\" data-end=\"3751\">info@billans.ba<\/a><\/p>\n<h3 data-start=\"3755\" data-end=\"3776\">\u0160ta su kola\u010di\u0107i<\/h3>\n<p data-start=\"3777\" data-end=\"3908\">Kola\u010di\u0107i su male tekstualne datoteke koje se pohranjuju na ure\u0111aju korisnika radi pravilnog rada web stranice i analize kori\u0161tenja.<\/p>\n<h3 data-start=\"3910\" data-end=\"3939\">Koje kola\u010di\u0107e koristimo<\/h3>\n<p data-start=\"3940\" data-end=\"4076\">Web stranica koristi:<br data-start=\"3961\" data-end=\"3964\" \/>tehni\u010dke kola\u010di\u0107e potrebne za osnovno funkcionisanje stranice<br data-start=\"4025\" data-end=\"4028\" \/>analiti\u010dke kola\u010di\u0107e putem Google Analytics alata<\/p>\n<p data-start=\"4078\" data-end=\"4173\">Kola\u010di\u0107i se ne koriste za identifikaciju korisnika niti za dijeljenje podataka tre\u0107im stranama.<\/p>\n<h3 data-start=\"4175\" data-end=\"4197\">Google Analytics<\/h3>\n<p data-start=\"4198\" data-end=\"4338\">Google Analytics omogu\u0107ava statisti\u010dko pra\u0107enje kori\u0161tenja stranice, uklju\u010duju\u0107i trajanje posjete, pregled sadr\u017eaja i tip ure\u0111aja korisnika.<\/p>\n<p data-start=\"4340\" data-end=\"4472\">Podaci se koriste isklju\u010divo za unapre\u0111enje sadr\u017eaja i korisni\u010dkog iskustva te ne omogu\u0107avaju identifikaciju pojedina\u010dnih korisnika.<\/p>\n<h3 data-start=\"4474\" data-end=\"4502\">Saglasnost za kola\u010di\u0107e<\/h3>\n<p data-start=\"4503\" data-end=\"4628\">Kori\u0161tenjem web stranice korisnik pristaje na kori\u0161tenje kola\u010di\u0107a. Prilikom prve posjete prikazuje se obavijest o kola\u010di\u0107ima.<\/p>\n<h3 data-start=\"4630\" data-end=\"4658\">Upravljanje kola\u010di\u0107ima<\/h3>\n<p data-start=\"4659\" data-end=\"4805\">Korisnik mo\u017ee obrisati ili blokirati kola\u010di\u0107e putem postavki internet preglednika, \u0161to mo\u017ee uticati na funkcionalnost pojedinih dijelova stranice.<\/p>\n<h3 data-start=\"4807\" data-end=\"4838\">Izmjene politike kola\u010di\u0107a<\/h3>\n<p data-start=\"4839\" data-end=\"4885\">Politika kola\u010di\u0107a mo\u017ee se povremeno a\u017eurirati.<\/p>\n<h3 data-start=\"4887\" data-end=\"4900\">Kontakt<\/h3>\n<p data-start=\"4901\" data-end=\"5010\" data-is-last-node=\"\" data-is-only-node=\"\">Za pitanja vezana za za\u0161titu privatnosti i kola\u010di\u0107e korisnici se mogu obratiti putem e-maila: <a class=\"decorated-link cursor-pointer\" rel=\"noopener\" data-start=\"4995\" data-end=\"5010\" data-is-last-node=\"\">info@billans.ba<\/a><\/p>\n<\/div>\n<\/div>\n<\/div>\n<\/div>\n<div class=\"z-0 flex min-h-[46px] justify-start\"><\/div>\n<div class=\"mt-3 w-full empty:hidden\">\n<div class=\"text-center\"><\/div>\n<\/div>\n<\/div>\n<\/div>\n<\/article>\n<\/div>\n<div class=\"pointer-events-none h-px w-px absolute bottom-0\" aria-hidden=\"true\" data-edge=\"true\"><\/div>\n","protected":false},"excerpt":{"rendered":"<p>Web stranica: www.billans.baKontakt: info@billans.ba \u0160ta su kola\u010di\u0107i Kola\u010di\u0107i su male tekstualne datoteke koje se pohranjuju na ure\u0111aju korisnika radi pravilnog rada web stranice i analize kori\u0161tenja. Koje kola\u010di\u0107e koristimo Web stranica koristi:tehni\u010dke kola\u010di\u0107e potrebne za osnovno funkcionisanje straniceanaliti\u010dke kola\u010di\u0107e putem Google Analytics alata Kola\u010di\u0107i se ne koriste za identifikaciju korisnika niti za dijeljenje podataka tre\u0107im [&hellip;]<\/p>\n","protected":false},"author":1,"featured_media":0,"parent":0,"menu_order":0,"comment_status":"closed","ping_status":"closed","template":"","meta":{"_et_pb_use_builder":"","_et_pb_old_content":"","_et_gb_content_width":"","footnotes":""},"class_list":["post-469","page","type-page","status-publish","hentry"],"yoast_head":"<!-- This site is optimized with the Yoast SEO plugin v26.9 - https:\/\/yoast.com\/product\/yoast-seo-wordpress\/ -->\n<title>Politika kola\u010di\u0107a - Billans International BH<\/title>\n<meta name=\"robots\" content=\"index, follow, max-snippet:-1, max-image-preview:large, max-video-preview:-1\" \/>\n<link rel=\"canonical\" href=\"https:\/\/billans.ba\/index.php\/politika-kolacica\/\" \/>\n<meta property=\"og:locale\" content=\"bs_BA\" \/>\n<meta property=\"og:type\" content=\"article\" \/>\n<meta property=\"og:title\" content=\"Politika kola\u010di\u0107a - Billans International BH\" \/>\n<meta property=\"og:description\" content=\"Web stranica: www.billans.baKontakt: info@billans.ba \u0160ta su kola\u010di\u0107i Kola\u010di\u0107i su male tekstualne datoteke koje se pohranjuju na ure\u0111aju korisnika radi pravilnog rada web stranice i analize kori\u0161tenja. Koje kola\u010di\u0107e koristimo Web stranica koristi:tehni\u010dke kola\u010di\u0107e potrebne za osnovno funkcionisanje straniceanaliti\u010dke kola\u010di\u0107e putem Google Analytics alata Kola\u010di\u0107i se ne koriste za identifikaciju korisnika niti za dijeljenje podataka tre\u0107im [&hellip;]\" \/>\n<meta property=\"og:url\" content=\"https:\/\/billans.ba\/index.php\/politika-kolacica\/\" \/>\n<meta property=\"og:site_name\" content=\"Billans International BH\" \/>\n<meta property=\"article:modified_time\" content=\"2026-02-16T11:29:35+00:00\" \/>\n<meta property=\"og:image\" content=\"https:\/\/billans.ba\/wp-content\/uploads\/2020\/11\/1.png\" \/>\n\t<meta property=\"og:image:width\" content=\"1920\" \/>\n\t<meta property=\"og:image:height\" content=\"1080\" \/>\n\t<meta property=\"og:image:type\" content=\"image\/png\" \/>\n<meta name=\"twitter:card\" content=\"summary_large_image\" \/>\n<meta name=\"twitter:label1\" content=\"Est. reading time\" \/>\n\t<meta name=\"twitter:data1\" content=\"1 minuta\" \/>\n<script type=\"application\/ld+json\" class=\"yoast-schema-graph\">{\"@context\":\"https:\/\/schema.org\",\"@graph\":[{\"@type\":\"WebPage\",\"@id\":\"https:\/\/billans.ba\/index.php\/politika-kolacica\/\",\"url\":\"https:\/\/billans.ba\/index.php\/politika-kolacica\/\",\"name\":\"Politika kola\u010di\u0107a - Billans International BH\",\"isPartOf\":{\"@id\":\"https:\/\/billans.ba\/#website\"},\"datePublished\":\"2026-02-16T11:25:21+00:00\",\"dateModified\":\"2026-02-16T11:29:35+00:00\",\"breadcrumb\":{\"@id\":\"https:\/\/billans.ba\/index.php\/politika-kolacica\/#breadcrumb\"},\"inLanguage\":\"bs-BA\",\"potentialAction\":[{\"@type\":\"ReadAction\",\"target\":[\"https:\/\/billans.ba\/index.php\/politika-kolacica\/\"]}]},{\"@type\":\"BreadcrumbList\",\"@id\":\"https:\/\/billans.ba\/index.php\/politika-kolacica\/#breadcrumb\",\"itemListElement\":[{\"@type\":\"ListItem\",\"position\":1,\"name\":\"Home\",\"item\":\"https:\/\/billans.ba\/\"},{\"@type\":\"ListItem\",\"position\":2,\"name\":\"Politika kola\u010di\u0107a\"}]},{\"@type\":\"WebSite\",\"@id\":\"https:\/\/billans.ba\/#website\",\"url\":\"https:\/\/billans.ba\/\",\"name\":\"Billans International BH\",\"description\":\"Oficijelna web prezentacija\",\"publisher\":{\"@id\":\"https:\/\/billans.ba\/#organization\"},\"potentialAction\":[{\"@type\":\"SearchAction\",\"target\":{\"@type\":\"EntryPoint\",\"urlTemplate\":\"https:\/\/billans.ba\/?s={search_term_string}\"},\"query-input\":{\"@type\":\"PropertyValueSpecification\",\"valueRequired\":true,\"valueName\":\"search_term_string\"}}],\"inLanguage\":\"bs-BA\"},{\"@type\":\"Organization\",\"@id\":\"https:\/\/billans.ba\/#organization\",\"name\":\"Billans BH International\",\"url\":\"https:\/\/billans.ba\/\",\"logo\":{\"@type\":\"ImageObject\",\"inLanguage\":\"bs-BA\",\"@id\":\"https:\/\/billans.ba\/#\/schema\/logo\/image\/\",\"url\":\"https:\/\/billans.ba\/wp-content\/uploads\/2020\/11\/billans-white.png\",\"contentUrl\":\"https:\/\/billans.ba\/wp-content\/uploads\/2020\/11\/billans-white.png\",\"width\":620,\"height\":330,\"caption\":\"Billans BH International\"},\"image\":{\"@id\":\"https:\/\/billans.ba\/#\/schema\/logo\/image\/\"}}]}<\/script>\n<!-- \/ Yoast SEO plugin. -->","yoast_head_json":{"title":"Politika kola\u010di\u0107a - Billans International BH","robots":{"index":"index","follow":"follow","max-snippet":"max-snippet:-1","max-image-preview":"max-image-preview:large","max-video-preview":"max-video-preview:-1"},"canonical":"https:\/\/billans.ba\/index.php\/politika-kolacica\/","og_locale":"bs_BA","og_type":"article","og_title":"Politika kola\u010di\u0107a - Billans International BH","og_description":"Web stranica: www.billans.baKontakt: info@billans.ba \u0160ta su kola\u010di\u0107i Kola\u010di\u0107i su male tekstualne datoteke koje se pohranjuju na ure\u0111aju korisnika radi pravilnog rada web stranice i analize kori\u0161tenja. Koje kola\u010di\u0107e koristimo Web stranica koristi:tehni\u010dke kola\u010di\u0107e potrebne za osnovno funkcionisanje straniceanaliti\u010dke kola\u010di\u0107e putem Google Analytics alata Kola\u010di\u0107i se ne koriste za identifikaciju korisnika niti za dijeljenje podataka tre\u0107im [&hellip;]","og_url":"https:\/\/billans.ba\/index.php\/politika-kolacica\/","og_site_name":"Billans International BH","article_modified_time":"2026-02-16T11:29:35+00:00","og_image":[{"width":1920,"height":1080,"url":"https:\/\/billans.ba\/wp-content\/uploads\/2020\/11\/1.png","type":"image\/png"}],"twitter_card":"summary_large_image","twitter_misc":{"Est. reading time":"1 minuta"},"schema":{"@context":"https:\/\/schema.org","@graph":[{"@type":"WebPage","@id":"https:\/\/billans.ba\/index.php\/politika-kolacica\/","url":"https:\/\/billans.ba\/index.php\/politika-kolacica\/","name":"Politika kola\u010di\u0107a - Billans International BH","isPartOf":{"@id":"https:\/\/billans.ba\/#website"},"datePublished":"2026-02-16T11:25:21+00:00","dateModified":"2026-02-16T11:29:35+00:00","breadcrumb":{"@id":"https:\/\/billans.ba\/index.php\/politika-kolacica\/#breadcrumb"},"inLanguage":"bs-BA","potentialAction":[{"@type":"ReadAction","target":["https:\/\/billans.ba\/index.php\/politika-kolacica\/"]}]},{"@type":"BreadcrumbList","@id":"https:\/\/billans.ba\/index.php\/politika-kolacica\/#breadcrumb","itemListElement":[{"@type":"ListItem","position":1,"name":"Home","item":"https:\/\/billans.ba\/"},{"@type":"ListItem","position":2,"name":"Politika kola\u010di\u0107a"}]},{"@type":"WebSite","@id":"https:\/\/billans.ba\/#website","url":"https:\/\/billans.ba\/","name":"Billans International BH","description":"Oficijelna web prezentacija","publisher":{"@id":"https:\/\/billans.ba\/#organization"},"potentialAction":[{"@type":"SearchAction","target":{"@type":"EntryPoint","urlTemplate":"https:\/\/billans.ba\/?s={search_term_string}"},"query-input":{"@type":"PropertyValueSpecification","valueRequired":true,"valueName":"search_term_string"}}],"inLanguage":"bs-BA"},{"@type":"Organization","@id":"https:\/\/billans.ba\/#organization","name":"Billans BH International","url":"https:\/\/billans.ba\/","logo":{"@type":"ImageObject","inLanguage":"bs-BA","@id":"https:\/\/billans.ba\/#\/schema\/logo\/image\/","url":"https:\/\/billans.ba\/wp-content\/uploads\/2020\/11\/billans-white.png","contentUrl":"https:\/\/billans.ba\/wp-content\/uploads\/2020\/11\/billans-white.png","width":620,"height":330,"caption":"Billans BH International"},"image":{"@id":"https:\/\/billans.ba\/#\/schema\/logo\/image\/"}}]}},"_links":{"self":[{"href":"https:\/\/billans.ba\/index.php\/wp-json\/wp\/v2\/pages\/469","targetHints":{"allow":["GET"]}}],"collection":[{"href":"https:\/\/billans.ba\/index.php\/wp-json\/wp\/v2\/pages"}],"about":[{"href":"https:\/\/billans.ba\/index.php\/wp-json\/wp\/v2\/types\/page"}],"author":[{"embeddable":true,"href":"https:\/\/billans.ba\/index.php\/wp-json\/wp\/v2\/users\/1"}],"replies":[{"embeddable":true,"href":"https:\/\/billans.ba\/index.php\/wp-json\/wp\/v2\/comments?post=469"}],"version-history":[{"count":2,"href":"https:\/\/billans.ba\/index.php\/wp-json\/wp\/v2\/pages\/469\/revisions"}],"predecessor-version":[{"id":476,"href":"https:\/\/billans.ba\/index.php\/wp-json\/wp\/v2\/pages\/469\/revisions\/476"}],"wp:attachment":[{"href":"https:\/\/billans.ba\/index.php\/wp-json\/wp\/v2\/media?parent=469"}],"curies":[{"name":"wp","href":"https:\/\/api.w.org\/{rel}","templated":true}]}}