{"id":49,"date":"2020-11-28T10:24:25","date_gmt":"2020-11-28T09:24:25","guid":{"rendered":"http:\/\/localhost\/billans\/?page_id=49"},"modified":"2023-07-24T14:12:05","modified_gmt":"2023-07-24T12:12:05","slug":"partneri","status":"publish","type":"page","link":"https:\/\/billans.ba\/index.php\/partneri\/","title":{"rendered":"Partneri"},"content":{"rendered":"<p>[et_pb_section fb_built=&#8221;1&#8221; fullwidth=&#8221;on&#8221; _builder_version=&#8221;4.6.1&#8221; _module_preset=&#8221;default&#8221; background_image=&#8221;http:\/\/localhost\/billans\/wp-content\/uploads\/2020\/11\/2.png&#8221;][et_pb_fullwidth_header title=&#8221;Partneri&#8221; _builder_version=&#8221;4.6.1&#8221; _module_preset=&#8221;default&#8221; use_background_color_gradient=&#8221;on&#8221; background_color_gradient_start=&#8221;rgba(0,0,0,0.87)&#8221; background_color_gradient_end=&#8221;#000000&#8221; background_color_gradient_overlays_image=&#8221;on&#8221; background_image=&#8221;http:\/\/localhost\/billans\/wp-content\/uploads\/2020\/11\/2.png&#8221;]<\/p>\n<p><span>Na\u0161i partneri su preduze\u0107a koja kod krajnjih korisnika izvode brojne aktivnosti- od implementacije, obuke i podr\u0161ke, do pru\u017eanja drugih vrsta usluga koje su usko vezane za nesmetan rad Billans-a (tehni\u010dka podr\u0161ka vezana za ra\u010dunare, fiskalne ure\u0111aje i sli\u010dno).<\/span><\/p>\n<p>[\/et_pb_fullwidth_header][\/et_pb_section][et_pb_section fb_built=&#8221;1&#8221; _builder_version=&#8221;4.6.1&#8221; _module_preset=&#8221;default&#8221; background_color=&#8221;#f2f2f2&#8221;][et_pb_row column_structure=&#8221;1_2,1_2&#8221; _builder_version=&#8221;4.6.1&#8221; _module_preset=&#8221;default&#8221;][et_pb_column type=&#8221;1_2&#8221; _builder_version=&#8221;4.6.1&#8221; _module_preset=&#8221;default&#8221;][et_pb_image src=&#8221;http:\/\/localhost\/billans\/wp-content\/uploads\/2020\/11\/2.png&#8221; title_text=&#8221;2&#8221; _builder_version=&#8221;4.6.1&#8221; _module_preset=&#8221;default&#8221;][\/et_pb_image][et_pb_text _builder_version=&#8221;4.6.1&#8221; _module_preset=&#8221;default&#8221;]<\/p>\n<div class=\"g-particle-intro\">\n<p class=\"g-introtext\">Efikasno kori\u0161tenje Billans aplikacije i zadovoljnost velikog broja korisnika je zasluga na\u0161e partnerske mre\u017ee. Na\u0161i partneri su preduze\u0107a koja kod krajnjih korisnika izvode brojne aktivnosti- od implementacije, obuke i podr\u0161ke, do pru\u017eanja drugih vrsta usluga koje su usko vezane za nesmetan rad Billans-a (tehni\u010dka podr\u0161ka vezana za ra\u010dunare, fiskalne ure\u0111aje i sli\u010dno). Nakon tri godine uspje\u0161nog plasmana i implementacije Billans e-ra\u010dunovodstva ste\u010deni su uslovi za \u0161irenje partnerske mre\u017ee na teritoriju cijele Bosne i Hercegovine. Za firme i pojedince koji su zainteresirani za anga\u017eman u prodajnim i aktivnostima implementacije prvog web ra\u010dunovodstva pripremili smo odli\u010dne uslove, stalne provizije i olak\u0161anu edukaciju. Postoji mnogo razloga da se odlu\u010dite za partnerstvo sa Billansom. U nastavku Vam donosimo samo neke:<\/p>\n<\/div>\n<div class=\"uk-accordion\" data-uk-accordion=\"{collapse: true, showfirst: true}\">\n<div class=\"g-accordion-item\"><\/div>\n<\/div>\n<p>[\/et_pb_text][\/et_pb_column][et_pb_column type=&#8221;1_2&#8221; _builder_version=&#8221;4.6.1&#8221; _module_preset=&#8221;default&#8221;][et_pb_accordion _builder_version=&#8221;4.6.1&#8221; _module_preset=&#8221;default&#8221; closed_toggle_line_height=&#8221;0em&#8221; width=&#8221;100%&#8221; module_alignment=&#8221;center&#8221; border_radii=&#8221;on|2vw|2vw|2vw|2vw&#8221;][et_pb_accordion_item title=&#8221;Mogu\u0107nost prodaje konkurentnog proizvoda&#8221; open=&#8221;on&#8221; _builder_version=&#8221;4.6.1&#8221; _module_preset=&#8221;default&#8221;]Ukoliko se bavite prodajom i implementacijom Desktop poslovnih aplikacija, pitanje je dana kada \u0107e Va\u0161i korisnici potra\u017eiti svje\u017eije rje\u0161enje sa ve\u0107im u\u0161tedama. Sa Billansom, imate priliku (p)ostati konkurentni i Va\u0161im korisnicima ponuditi adekvatno poslovno rje\u0161enje uz dodatnu zaradu.[\/et_pb_accordion_item][et_pb_accordion_item title=&#8221;Provizija je stalna&#8221; _builder_version=&#8221;4.6.1&#8221; _module_preset=&#8221;default&#8221; open=&#8221;off&#8221;]Dogovorenu proviziju od prodaje Billans-a \u0107ete dobijati sve dok korisnik pla\u0107a licence.Na osnovu jedne prodaje, obezbjedit \u0107ete sebi stalni mjese\u010dni prihod.[\/et_pb_accordion_item][et_pb_accordion_item title=&#8221;Jednostavna edukacija&#8221; _builder_version=&#8221;4.6.1&#8221; _module_preset=&#8221;default&#8221; open=&#8221;off&#8221;]U okviru Billans aplikacije integrisana su pisana i video uputstva, \u0161to olak\u0161ava edukaciju za kori\u0161tenje i implementaciju web poslovnog rje\u0161enja[\/et_pb_accordion_item][et_pb_accordion_item title=&#8221;Garancija ne preuzimanja&#8221; _builder_version=&#8221;4.6.1&#8221; _module_preset=&#8221;default&#8221; open=&#8221;off&#8221;]Svaki prodajni i\/ili partner implementator, u okviru partnerske mre\u017ee klju\u010dnog partnera ima pravo na teritorijalni ekskluzivitet i garanciju nepreuzimanja od strane drugih partnera. Promjena partnera implementatora vr\u0161i se isklju\u010divo na izri\u010dit zahtjev korisnika i uz odobrenje arbitra\u017ene komisije principala.[\/et_pb_accordion_item][et_pb_accordion_item title=&#8221;Reklamni materijal i prezentacije&#8221; _builder_version=&#8221;4.6.1&#8221; _module_preset=&#8221;default&#8221; open=&#8221;off&#8221;]Svaki novi partner Billans-a ima pravo na reklamni materijal i video i pisane materijale za odr\u017eavanje prezentacija. Billans Team stoji na usluzi svim partnerima u smislu savjeta i edukacije za odr\u017eavanje prezentacija, te na\u010dina plasmana i prodaje prve web aplikacije za ra\u010dunovodstvo u Bosni i Hercegovini.[\/et_pb_accordion_item][et_pb_accordion_item title=&#8221;Razvijajte se sa nama&#8221; _builder_version=&#8221;4.6.1&#8221; _module_preset=&#8221;default&#8221; open=&#8221;off&#8221;]Kao partner Billans-a imate mogu\u010dnost u\u010de\u0161\u0107a u radu i odlukama implementacijskog vije\u0107a e-ra\u010dunovodstva koje predla\u017ee razvoj novih funkcionalnosti aplikacije.[\/et_pb_accordion_item][\/et_pb_accordion][\/et_pb_column][\/et_pb_row][\/et_pb_section][et_pb_section fb_built=&#8221;1&#8221; _builder_version=&#8221;4.6.1&#8221; _module_preset=&#8221;default&#8221; background_color=&#8221;#&#8221;][et_pb_row column_structure=&#8221;1_3,1_3,1_3&#8221; _builder_version=&#8221;4.6.1&#8221; _module_preset=&#8221;default&#8221;][et_pb_column type=&#8221;1_3&#8221; _builder_version=&#8221;4.6.1&#8221; _module_preset=&#8221;default&#8221;][et_pb_image src=&#8221;https:\/\/billans.ba\/wp-content\/uploads\/2020\/11\/partneri_0005_logo100h.jpg&#8221; title_text=&#8221;partneri_0005_logo100h&#8221; _builder_version=&#8221;4.6.1&#8221; _module_preset=&#8221;default&#8221;][\/et_pb_image][\/et_pb_column][et_pb_column type=&#8221;1_3&#8221; _builder_version=&#8221;4.6.1&#8221; _module_preset=&#8221;default&#8221;][et_pb_image src=&#8221;https:\/\/billans.ba\/wp-content\/uploads\/2020\/11\/partneri_0000_ComTECH-z.z.t.u.jpg&#8221; title_text=&#8221;partneri_0000_ComTECH z.z.t.u&#8221; _builder_version=&#8221;4.6.1&#8221; _module_preset=&#8221;default&#8221;][\/et_pb_image][\/et_pb_column][et_pb_column type=&#8221;1_3&#8221; _builder_version=&#8221;4.6.1&#8221; _module_preset=&#8221;default&#8221;][et_pb_image src=&#8221;https:\/\/billans.ba\/wp-content\/uploads\/2020\/11\/partneri_0004_elink-250&#215;130-1.jpg&#8221; title_text=&#8221;partneri_0004_elink-250&#215;130&#8221; _builder_version=&#8221;4.6.1&#8221; _module_preset=&#8221;default&#8221;][\/et_pb_image][\/et_pb_column][\/et_pb_row][et_pb_row column_structure=&#8221;1_3,1_3,1_3&#8221; _builder_version=&#8221;4.6.1&#8221; _module_preset=&#8221;default&#8221;][et_pb_column type=&#8221;1_3&#8221; _builder_version=&#8221;4.6.1&#8221; _module_preset=&#8221;default&#8221;][et_pb_image src=&#8221;https:\/\/billans.ba\/wp-content\/uploads\/2020\/11\/partneri_0003_mobis.jpg&#8221; title_text=&#8221;partneri_0003_mobis&#8221; _builder_version=&#8221;4.6.1&#8221; _module_preset=&#8221;default&#8221;][\/et_pb_image][\/et_pb_column][et_pb_column type=&#8221;1_3&#8221; _builder_version=&#8221;4.6.1&#8221; _module_preset=&#8221;default&#8221;][et_pb_image src=&#8221;https:\/\/billans.ba\/wp-content\/uploads\/2020\/11\/partneri_0002_Dignet.jpg&#8221; title_text=&#8221;partneri_0002_Dignet&#8221; _builder_version=&#8221;4.6.1&#8221; _module_preset=&#8221;default&#8221;][\/et_pb_image][\/et_pb_column][et_pb_column type=&#8221;1_3&#8221; _builder_version=&#8221;4.6.1&#8221; _module_preset=&#8221;default&#8221;][et_pb_image src=&#8221;https:\/\/billans.ba\/wp-content\/uploads\/2020\/11\/partneri_0001_12841319_1283839904976223_6122466347611998212_o.jpg&#8221; title_text=&#8221;partneri_0001_12841319_1283839904976223_6122466347611998212_o&#8221; _builder_version=&#8221;4.6.1&#8221; _module_preset=&#8221;default&#8221;][\/et_pb_image][\/et_pb_column][\/et_pb_row][et_pb_row _builder_version=&#8221;4.6.1&#8221; _module_preset=&#8221;default&#8221;][et_pb_column _builder_version=&#8221;4.6.1&#8221; _module_preset=&#8221;default&#8221; type=&#8221;4_4&#8221;][et_pb_code _builder_version=&#8221;4.6.1&#8221; _module_preset=&#8221;default&#8221; text_orientation=&#8221;center&#8221; hover_enabled=&#8221;0&#8221; sticky_enabled=&#8221;0&#8221;]<a href=\"https:\/\/platformabiz.com\"><img loading=\"lazy\" decoding=\"async\" class=\"alignnone size-full wp-image-424\" src=\"https:\/\/billans.ba\/wp-content\/uploads\/2023\/07\/970x250.png\" alt=\"\" width=\"970\" height=\"250\" srcset=\"https:\/\/billans.ba\/wp-content\/uploads\/2023\/07\/970x250.png 970w, https:\/\/billans.ba\/wp-content\/uploads\/2023\/07\/970x250-480x124.png 480w\" sizes=\"(min-width: 0px) and (max-width: 480px) 480px, (min-width: 481px) 970px, 100vw\" \/><\/a>[\/et_pb_code][\/et_pb_column][\/et_pb_row][\/et_pb_section]<\/p>\n","protected":false},"excerpt":{"rendered":"<p>Na\u0161i partneri su preduze\u0107a koja kod krajnjih korisnika izvode brojne aktivnosti- od implementacije, obuke i podr\u0161ke, do pru\u017eanja drugih vrsta usluga koje su usko vezane za nesmetan rad Billans-a (tehni\u010dka podr\u0161ka vezana za ra\u010dunare, fiskalne ure\u0111aje i sli\u010dno). Efikasno kori\u0161tenje Billans aplikacije i zadovoljnost velikog broja korisnika je zasluga na\u0161e partnerske mre\u017ee. Na\u0161i partneri su [&hellip;]<\/p>\n","protected":false},"author":1,"featured_media":0,"parent":0,"menu_order":0,"comment_status":"closed","ping_status":"closed","template":"","meta":{"_et_pb_use_builder":"on","_et_pb_old_content":"","_et_gb_content_width":"","footnotes":""},"class_list":["post-49","page","type-page","status-publish","hentry"],"yoast_head":"<!-- This site is optimized with the Yoast SEO plugin v26.9 - https:\/\/yoast.com\/product\/yoast-seo-wordpress\/ -->\n<title>Partneri - Billans International BH<\/title>\n<meta name=\"robots\" content=\"index, follow, max-snippet:-1, max-image-preview:large, max-video-preview:-1\" \/>\n<link rel=\"canonical\" href=\"https:\/\/billans.ba\/index.php\/partneri\/\" \/>\n<meta property=\"og:locale\" content=\"bs_BA\" \/>\n<meta property=\"og:type\" content=\"article\" \/>\n<meta property=\"og:title\" content=\"Partneri - Billans International BH\" \/>\n<meta property=\"og:description\" content=\"Na\u0161i partneri su preduze\u0107a koja kod krajnjih korisnika izvode brojne aktivnosti- od implementacije, obuke i podr\u0161ke, do pru\u017eanja drugih vrsta usluga koje su usko vezane za nesmetan rad Billans-a (tehni\u010dka podr\u0161ka vezana za ra\u010dunare, fiskalne ure\u0111aje i sli\u010dno). Efikasno kori\u0161tenje Billans aplikacije i zadovoljnost velikog broja korisnika je zasluga na\u0161e partnerske mre\u017ee. Na\u0161i partneri su [&hellip;]\" \/>\n<meta property=\"og:url\" content=\"https:\/\/billans.ba\/index.php\/partneri\/\" \/>\n<meta property=\"og:site_name\" content=\"Billans International BH\" \/>\n<meta property=\"article:modified_time\" content=\"2023-07-24T12:12:05+00:00\" \/>\n<meta property=\"og:image\" content=\"https:\/\/billans.ba\/wp-content\/uploads\/2023\/07\/970x250.png\" \/>\n<meta name=\"twitter:card\" content=\"summary_large_image\" \/>\n<meta name=\"twitter:label1\" content=\"Est. reading time\" \/>\n\t<meta name=\"twitter:data1\" content=\"5 minuta\" \/>\n<script type=\"application\/ld+json\" class=\"yoast-schema-graph\">{\"@context\":\"https:\/\/schema.org\",\"@graph\":[{\"@type\":\"WebPage\",\"@id\":\"https:\/\/billans.ba\/index.php\/partneri\/\",\"url\":\"https:\/\/billans.ba\/index.php\/partneri\/\",\"name\":\"Partneri - Billans International BH\",\"isPartOf\":{\"@id\":\"https:\/\/billans.ba\/#website\"},\"primaryImageOfPage\":{\"@id\":\"https:\/\/billans.ba\/index.php\/partneri\/#primaryimage\"},\"image\":{\"@id\":\"https:\/\/billans.ba\/index.php\/partneri\/#primaryimage\"},\"thumbnailUrl\":\"https:\/\/billans.ba\/wp-content\/uploads\/2023\/07\/970x250.png\",\"datePublished\":\"2020-11-28T09:24:25+00:00\",\"dateModified\":\"2023-07-24T12:12:05+00:00\",\"breadcrumb\":{\"@id\":\"https:\/\/billans.ba\/index.php\/partneri\/#breadcrumb\"},\"inLanguage\":\"bs-BA\",\"potentialAction\":[{\"@type\":\"ReadAction\",\"target\":[\"https:\/\/billans.ba\/index.php\/partneri\/\"]}]},{\"@type\":\"ImageObject\",\"inLanguage\":\"bs-BA\",\"@id\":\"https:\/\/billans.ba\/index.php\/partneri\/#primaryimage\",\"url\":\"https:\/\/billans.ba\/wp-content\/uploads\/2023\/07\/970x250.png\",\"contentUrl\":\"https:\/\/billans.ba\/wp-content\/uploads\/2023\/07\/970x250.png\",\"width\":970,\"height\":250},{\"@type\":\"BreadcrumbList\",\"@id\":\"https:\/\/billans.ba\/index.php\/partneri\/#breadcrumb\",\"itemListElement\":[{\"@type\":\"ListItem\",\"position\":1,\"name\":\"Home\",\"item\":\"https:\/\/billans.ba\/\"},{\"@type\":\"ListItem\",\"position\":2,\"name\":\"Partneri\"}]},{\"@type\":\"WebSite\",\"@id\":\"https:\/\/billans.ba\/#website\",\"url\":\"https:\/\/billans.ba\/\",\"name\":\"Billans International BH\",\"description\":\"Oficijelna web prezentacija\",\"publisher\":{\"@id\":\"https:\/\/billans.ba\/#organization\"},\"potentialAction\":[{\"@type\":\"SearchAction\",\"target\":{\"@type\":\"EntryPoint\",\"urlTemplate\":\"https:\/\/billans.ba\/?s={search_term_string}\"},\"query-input\":{\"@type\":\"PropertyValueSpecification\",\"valueRequired\":true,\"valueName\":\"search_term_string\"}}],\"inLanguage\":\"bs-BA\"},{\"@type\":\"Organization\",\"@id\":\"https:\/\/billans.ba\/#organization\",\"name\":\"Billans BH International\",\"url\":\"https:\/\/billans.ba\/\",\"logo\":{\"@type\":\"ImageObject\",\"inLanguage\":\"bs-BA\",\"@id\":\"https:\/\/billans.ba\/#\/schema\/logo\/image\/\",\"url\":\"https:\/\/billans.ba\/wp-content\/uploads\/2020\/11\/billans-white.png\",\"contentUrl\":\"https:\/\/billans.ba\/wp-content\/uploads\/2020\/11\/billans-white.png\",\"width\":620,\"height\":330,\"caption\":\"Billans BH International\"},\"image\":{\"@id\":\"https:\/\/billans.ba\/#\/schema\/logo\/image\/\"}}]}<\/script>\n<!-- \/ Yoast SEO plugin. -->","yoast_head_json":{"title":"Partneri - Billans International BH","robots":{"index":"index","follow":"follow","max-snippet":"max-snippet:-1","max-image-preview":"max-image-preview:large","max-video-preview":"max-video-preview:-1"},"canonical":"https:\/\/billans.ba\/index.php\/partneri\/","og_locale":"bs_BA","og_type":"article","og_title":"Partneri - Billans International BH","og_description":"Na\u0161i partneri su preduze\u0107a koja kod krajnjih korisnika izvode brojne aktivnosti- od implementacije, obuke i podr\u0161ke, do pru\u017eanja drugih vrsta usluga koje su usko vezane za nesmetan rad Billans-a (tehni\u010dka podr\u0161ka vezana za ra\u010dunare, fiskalne ure\u0111aje i sli\u010dno). Efikasno kori\u0161tenje Billans aplikacije i zadovoljnost velikog broja korisnika je zasluga na\u0161e partnerske mre\u017ee. Na\u0161i partneri su [&hellip;]","og_url":"https:\/\/billans.ba\/index.php\/partneri\/","og_site_name":"Billans International BH","article_modified_time":"2023-07-24T12:12:05+00:00","og_image":[{"url":"https:\/\/billans.ba\/wp-content\/uploads\/2023\/07\/970x250.png","type":"","width":"","height":""}],"twitter_card":"summary_large_image","twitter_misc":{"Est. reading time":"5 minuta"},"schema":{"@context":"https:\/\/schema.org","@graph":[{"@type":"WebPage","@id":"https:\/\/billans.ba\/index.php\/partneri\/","url":"https:\/\/billans.ba\/index.php\/partneri\/","name":"Partneri - Billans International BH","isPartOf":{"@id":"https:\/\/billans.ba\/#website"},"primaryImageOfPage":{"@id":"https:\/\/billans.ba\/index.php\/partneri\/#primaryimage"},"image":{"@id":"https:\/\/billans.ba\/index.php\/partneri\/#primaryimage"},"thumbnailUrl":"https:\/\/billans.ba\/wp-content\/uploads\/2023\/07\/970x250.png","datePublished":"2020-11-28T09:24:25+00:00","dateModified":"2023-07-24T12:12:05+00:00","breadcrumb":{"@id":"https:\/\/billans.ba\/index.php\/partneri\/#breadcrumb"},"inLanguage":"bs-BA","potentialAction":[{"@type":"ReadAction","target":["https:\/\/billans.ba\/index.php\/partneri\/"]}]},{"@type":"ImageObject","inLanguage":"bs-BA","@id":"https:\/\/billans.ba\/index.php\/partneri\/#primaryimage","url":"https:\/\/billans.ba\/wp-content\/uploads\/2023\/07\/970x250.png","contentUrl":"https:\/\/billans.ba\/wp-content\/uploads\/2023\/07\/970x250.png","width":970,"height":250},{"@type":"BreadcrumbList","@id":"https:\/\/billans.ba\/index.php\/partneri\/#breadcrumb","itemListElement":[{"@type":"ListItem","position":1,"name":"Home","item":"https:\/\/billans.ba\/"},{"@type":"ListItem","position":2,"name":"Partneri"}]},{"@type":"WebSite","@id":"https:\/\/billans.ba\/#website","url":"https:\/\/billans.ba\/","name":"Billans International BH","description":"Oficijelna web prezentacija","publisher":{"@id":"https:\/\/billans.ba\/#organization"},"potentialAction":[{"@type":"SearchAction","target":{"@type":"EntryPoint","urlTemplate":"https:\/\/billans.ba\/?s={search_term_string}"},"query-input":{"@type":"PropertyValueSpecification","valueRequired":true,"valueName":"search_term_string"}}],"inLanguage":"bs-BA"},{"@type":"Organization","@id":"https:\/\/billans.ba\/#organization","name":"Billans BH International","url":"https:\/\/billans.ba\/","logo":{"@type":"ImageObject","inLanguage":"bs-BA","@id":"https:\/\/billans.ba\/#\/schema\/logo\/image\/","url":"https:\/\/billans.ba\/wp-content\/uploads\/2020\/11\/billans-white.png","contentUrl":"https:\/\/billans.ba\/wp-content\/uploads\/2020\/11\/billans-white.png","width":620,"height":330,"caption":"Billans BH International"},"image":{"@id":"https:\/\/billans.ba\/#\/schema\/logo\/image\/"}}]}},"_links":{"self":[{"href":"https:\/\/billans.ba\/index.php\/wp-json\/wp\/v2\/pages\/49","targetHints":{"allow":["GET"]}}],"collection":[{"href":"https:\/\/billans.ba\/index.php\/wp-json\/wp\/v2\/pages"}],"about":[{"href":"https:\/\/billans.ba\/index.php\/wp-json\/wp\/v2\/types\/page"}],"author":[{"embeddable":true,"href":"https:\/\/billans.ba\/index.php\/wp-json\/wp\/v2\/users\/1"}],"replies":[{"embeddable":true,"href":"https:\/\/billans.ba\/index.php\/wp-json\/wp\/v2\/comments?post=49"}],"version-history":[{"count":7,"href":"https:\/\/billans.ba\/index.php\/wp-json\/wp\/v2\/pages\/49\/revisions"}],"predecessor-version":[{"id":427,"href":"https:\/\/billans.ba\/index.php\/wp-json\/wp\/v2\/pages\/49\/revisions\/427"}],"wp:attachment":[{"href":"https:\/\/billans.ba\/index.php\/wp-json\/wp\/v2\/media?parent=49"}],"curies":[{"name":"wp","href":"https:\/\/api.w.org\/{rel}","templated":true}]}}